{"id":75,"date":"2022-09-10T22:57:40","date_gmt":"2022-09-10T19:57:40","guid":{"rendered":"https:\/\/oulu-seura.fi\/?page_id=75"},"modified":"2022-10-16T21:41:47","modified_gmt":"2022-10-16T18:41:47","slug":"toiminta","status":"publish","type":"page","link":"https:\/\/oulu-seura.fi\/?page_id=75","title":{"rendered":"Toiminta"},"content":{"rendered":"\n<div class=\"wp-block-buttons is-content-justification-space-between is-layout-flex wp-container-core-buttons-is-layout-b2891da8 wp-block-buttons-is-layout-flex\">\n<div class=\"wp-block-button is-style-fill\"><a class=\"wp-block-button__link\" href=\"https:\/\/oulu-seura.fi\/?page_id=77\">Oulun Etta<\/a><\/div>\n\n\n\n<div class=\"wp-block-button is-style-fill\"><a class=\"wp-block-button__link\" href=\"https:\/\/oulu-seura.fi\/?page_id=114\">Kannanotot<\/a><\/div>\n\n\n\n<div class=\"wp-block-button is-style-fill\"><a class=\"wp-block-button__link\" href=\"https:\/\/oulu-seura.fi\/?page_id=117\">K\u00e4velyretket<\/a><\/div>\n\n\n\n<div class=\"wp-block-button is-style-fill\"><a class=\"wp-block-button__link\" href=\"https:\/\/oulu-seura.fi\/?page_id=120\">Muistomerkit<\/a><\/div>\n\n\n\n<div class=\"wp-block-button is-style-fill\"><a class=\"wp-block-button__link\" href=\"https:\/\/oulu-seura.fi\/?page_id=123\">Oulun pienoismalli<\/a><\/div>\n<\/div>\n\n\n\n<h2 class=\"wp-block-heading\">Kannanotot ja Oulun p\u00e4iv\u00e4t<\/h2>\n\n\n\n<p>Oulu-seura toimii usein kantaaottavana kanavana. Se seuraa kaupunkikuvan kehityst\u00e4 ja valmistelee lausuntoja sen muutoksista. Seura on useita kertoja ottanut kantaa vanhojen alueiden ja rakennusten kuten puu-Tuiran, Raksilan, Rantakadun ja Reinil\u00e4n talon puolesta.<\/p>\n\n\n\n<p>Oulu-seura osallistuu my\u00f6s Oulun p\u00e4ivien j\u00e4rjest\u00e4miseen. P\u00e4ivill\u00e4 valitaan seuran toimesta vuoden oululainen, Etta. Oulun p\u00e4ivien aikana seura muistaa my\u00f6s kaupungin vanhinta ja nuorinta asukasta.<\/p>\n\n\n\n<p>Oulun p\u00e4ivi\u00e4 alettiin viett\u00e4\u00e4 alunperin Oulu-seuran aloitteesta vuonna 1962. Vuodesta 1982 Oulun kaupunki on p\u00e4\u00e4osin vastannut tapahtuman j\u00e4rjestelyist\u00e4.<\/p>\n\n\n\n<h2 class=\"wp-block-heading\">K\u00e4velyretket, muistomerkit ja julkaisut<\/h2>\n\n\n\n<figure class=\"wp-block-image size-full\"><img loading=\"lazy\" decoding=\"async\" width=\"2560\" height=\"1702\" src=\"https:\/\/oulu-seura.fi\/wp-content\/uploads\/Koivunen-Hupisaari-retkea-vetamassa-scaled.jpg\" alt=\"\" class=\"wp-image-464\" srcset=\"https:\/\/oulu-seura.fi\/wp-content\/uploads\/Koivunen-Hupisaari-retkea-vetamassa-scaled.jpg 2560w, https:\/\/oulu-seura.fi\/wp-content\/uploads\/Koivunen-Hupisaari-retkea-vetamassa-300x199.jpg 300w, https:\/\/oulu-seura.fi\/wp-content\/uploads\/Koivunen-Hupisaari-retkea-vetamassa-1024x681.jpg 1024w, https:\/\/oulu-seura.fi\/wp-content\/uploads\/Koivunen-Hupisaari-retkea-vetamassa-150x100.jpg 150w, https:\/\/oulu-seura.fi\/wp-content\/uploads\/Koivunen-Hupisaari-retkea-vetamassa-768x511.jpg 768w, https:\/\/oulu-seura.fi\/wp-content\/uploads\/Koivunen-Hupisaari-retkea-vetamassa-1536x1021.jpg 1536w, https:\/\/oulu-seura.fi\/wp-content\/uploads\/Koivunen-Hupisaari-retkea-vetamassa-2048x1362.jpg 2048w\" sizes=\"auto, (max-width: 2560px) 100vw, 2560px\" \/><figcaption>Koivunen Hupisaari-retke\u00e4 vet\u00e4m\u00e4ss\u00e4<\/figcaption><\/figure>\n\n\n\n<p>Toimintansa alkuajoista l\u00e4htien Oulu-seura on j\u00e4rjest\u00e4nyt kaikille avoimia k\u00e4velyretki\u00e4. Retkien aikana osallistujilla on mahdollisuus tutustua Oulun historiaan ja nykyp\u00e4iv\u00e4\u00e4n asiantuntijoiden opastuksella.<\/p>\n\n\n\n<p>T\u00e4rke\u00e4ksi on koettu my\u00f6s oululaisten merkkihenkil\u00f6iden muistaminen. Oulu-seuran aloitteesta kaupunkiin on hankittu useita muistomerkkej\u00e4 ja muistolaattoja sellaisten henkil\u00f6iden, yhdistysten ja tapahtumien muistoksi, jotka ovat olleet merkitt\u00e4vi\u00e4 Oulun historiassa.<\/p>\n\n\n\n<p>Pohjois-Pohjanmaan museoon on sijoitettu vuoden 1938 Oulun keskustaa esitt\u00e4v\u00e4 pienoismalli, joka on valmistettu Oulu-seuran aloitteesta.<\/p>\n\n\n\n<p>Monen muun kotiseutuyhdistyksen tavoin Oulu-seurakin on ker\u00e4nnyt perinnetietoa ja harrastanut julkaisutoimintaa. Seuran kokousten ja retkien yhteydessa on pidetty lukuisia Oulun menneisyyteen, nykyisyyteen ja tulevaisuuteen liittyvi\u00e4 yleis\u00f6esitelmi\u00e4.<\/p>\n\n\n\n<hr class=\"wp-block-separator has-alpha-channel-opacity is-style-dots\"\/>\n","protected":false},"excerpt":{"rendered":"<p>Kannanotot ja Oulun p\u00e4iv\u00e4t Oulu-seura toimii usein kantaaottavana kanavana. Se seuraa kaupunkikuvan kehityst\u00e4 ja valmistelee lausuntoja sen muutoksista. Seura on useita kertoja ottanut kantaa vanhojen alueiden ja rakennusten kuten puu-Tuiran, Raksilan, Rantakadun ja Reinil\u00e4n talon puolesta. Oulu-seura osallistuu my\u00f6s Oulun p\u00e4ivien j\u00e4rjest\u00e4miseen. P\u00e4ivill\u00e4 valitaan seuran toimesta vuoden oululainen, Etta. Oulun p\u00e4ivien aikana seura muistaa my\u00f6s [&hellip;]<\/p>\n","protected":false},"author":2,"featured_media":0,"parent":0,"menu_order":0,"comment_status":"closed","ping_status":"closed","template":"","meta":{"footnotes":""},"class_list":["post-75","page","type-page","status-publish","hentry"],"_links":{"self":[{"href":"https:\/\/oulu-seura.fi\/index.php?rest_route=\/wp\/v2\/pages\/75","targetHints":{"allow":["GET"]}}],"collection":[{"href":"https:\/\/oulu-seura.fi\/index.php?rest_route=\/wp\/v2\/pages"}],"about":[{"href":"https:\/\/oulu-seura.fi\/index.php?rest_route=\/wp\/v2\/types\/page"}],"author":[{"embeddable":true,"href":"https:\/\/oulu-seura.fi\/index.php?rest_route=\/wp\/v2\/users\/2"}],"replies":[{"embeddable":true,"href":"https:\/\/oulu-seura.fi\/index.php?rest_route=%2Fwp%2Fv2%2Fcomments&post=75"}],"version-history":[{"count":1,"href":"https:\/\/oulu-seura.fi\/index.php?rest_route=\/wp\/v2\/pages\/75\/revisions"}],"predecessor-version":[{"id":626,"href":"https:\/\/oulu-seura.fi\/index.php?rest_route=\/wp\/v2\/pages\/75\/revisions\/626"}],"wp:attachment":[{"href":"https:\/\/oulu-seura.fi\/index.php?rest_route=%2Fwp%2Fv2%2Fmedia&parent=75"}],"curies":[{"name":"wp","href":"https:\/\/api.w.org\/{rel}","templated":true}]}}