{"id":150,"date":"2022-09-19T20:34:30","date_gmt":"2022-09-19T17:34:30","guid":{"rendered":"https:\/\/oulu-seura.fi\/?page_id=150"},"modified":"2025-11-21T12:50:35","modified_gmt":"2025-11-21T10:50:35","slug":"ota-yhteytta","status":"publish","type":"page","link":"https:\/\/oulu-seura.fi\/?page_id=150","title":{"rendered":"Ota yhteytt\u00e4"},"content":{"rendered":"\n<div class=\"wp-block-columns is-layout-flex wp-container-core-columns-is-layout-28f84493 wp-block-columns-is-layout-flex\">\n<div class=\"wp-block-column is-layout-flow wp-block-column-is-layout-flow\" style=\"flex-basis:100%\">\n<p>Kaikkiin yhteydenottoihin ottaa kantaa Oulu-seura ry:n puheenjohtaja Jarkko V\u00e4likangas.<\/p>\n\n\n\n<h3 class=\"wp-block-heading\">Postiosoite:<\/h3>\n\n\n\n<p>Oulu-seura ry \/ pj. Jarkko V\u00e4likangas<br>Kaarretie 4 G 3<br>90500 Oulu<\/p>\n<\/div>\n<\/div>\n\n\n\n<div class=\"wp-block-columns is-layout-flex wp-container-core-columns-is-layout-28f84493 wp-block-columns-is-layout-flex\">\n<div class=\"wp-block-column is-layout-flow wp-block-column-is-layout-flow\">\n<h3 class=\"wp-block-heading\">Hallitus 2024<\/h3>\n\n\n\n<p><strong>Jarkko V\u00e4likangas<\/strong><br \/>hallituksen puheenjohtaja<br \/>jarkko.valikangas@gmail.com<br \/>p. 0400 912 898<\/p>\n<p style=\"font-weight: 300;\"><strong>Marketta Per\u00e4l\u00e4<\/strong><br \/>hallituksen varapuheenjohtaja,<br \/>marketta.p3@gmail.com<br \/>p. 040 593 3607<\/p>\n<p style=\"font-weight: 300;\"><strong>Terttu V\u00e4likangas<\/strong><br \/>hallituksen j\u00e4sen, markkinointi- ja digi-vastaava<br \/>terttu.valikangas@gmail.com<br \/>040 726 4148<\/p>\n<p><strong>Tea Stolt de Glanville<\/strong><br \/>hallituksen j\u00e4sen<br \/>uleaborg@luckan.fi<br \/>0401803416<\/p>\n<p style=\"font-weight: 300;\"><strong>Kristiina Haukkamaa<\/strong><br \/>hallituksen j\u00e4sen<br \/>kristiinahaukkamaa@gmail.com<br \/>050 5252457<\/p>\n<p style=\"font-weight: 300;\"><strong>Viena Heikkil\u00e4<\/strong><br \/>hallituksen j\u00e4sen<br \/>viena.heikkila@gmail.com<br \/>040 074 1278<\/p>\n<p style=\"font-weight: 300;\"><strong>Paavo J. Heinonen<\/strong><br \/>hallituksen j\u00e4sen<br \/>paavojii@gmail.com<br \/><br \/><\/p>\n<p><strong>Teuvo Perttunen<\/strong><br \/>hallituksen varaj\u00e4sen<br \/>teuvoperttunen@gmail.com<br \/><span data-sheets-root=\"1\">040-5715863<\/span><\/p>\n\n\n\n<ul class=\"wp-block-list\">\n<li><\/li>\n<\/ul>\n<\/div>\n\n\n\n<h3 class=\"wp-block-heading\"><strong>Oulu-seura ry:n<\/strong> k<strong>unniaj\u00e4senet:<\/strong><\/h3>\n\n\n\n<p>kotiseutuneuvos Kaarina Niskala<br><\/p>\n<\/div>\n\n\n\n<div class=\"wp-block-column is-layout-flow wp-block-column-is-layout-flow\">\n<p><\/p>\n\n\n\n<p><br><\/p>\n\n\n\n<h2 class=\"wp-block-heading\">L\u00e4het\u00e4 palautetta<\/h2>\n\n\n\n<div class=\"wp-block-contact-form-7-contact-form-selector\">\n<div class=\"wpcf7 no-js\" id=\"wpcf7-f139-o1\" lang=\"fi\" dir=\"ltr\" data-wpcf7-id=\"139\">\n<div class=\"screen-reader-response\"><p role=\"status\" aria-live=\"polite\" aria-atomic=\"true\"><\/p> <ul><\/ul><\/div>\n<form action=\"\/index.php?rest_route=%2Fwp%2Fv2%2Fpages%2F150#wpcf7-f139-o1\" method=\"post\" class=\"wpcf7-form init\" aria-label=\"Yhteydenottolomake\" novalidate=\"novalidate\" data-status=\"init\">\n<fieldset class=\"hidden-fields-container\"><input type=\"hidden\" name=\"_wpcf7\" value=\"139\" \/><input type=\"hidden\" name=\"_wpcf7_version\" value=\"6.1.5\" \/><input type=\"hidden\" name=\"_wpcf7_locale\" value=\"fi\" \/><input type=\"hidden\" name=\"_wpcf7_unit_tag\" value=\"wpcf7-f139-o1\" \/><input type=\"hidden\" name=\"_wpcf7_container_post\" value=\"0\" \/><input type=\"hidden\" name=\"_wpcf7_posted_data_hash\" value=\"\" \/>\n<\/fieldset>\n<p><label> Nimesi<br \/>\n<span class=\"wpcf7-form-control-wrap\" data-name=\"your-name\"><input size=\"40\" maxlength=\"400\" class=\"wpcf7-form-control wpcf7-text wpcf7-validates-as-required\" aria-required=\"true\" aria-invalid=\"false\" value=\"\" type=\"text\" name=\"your-name\" \/><\/span> <\/label>\n<\/p>\n<p><label> S\u00e4hk\u00f6postisi<br \/>\n<span class=\"wpcf7-form-control-wrap\" data-name=\"your-email\"><input size=\"40\" maxlength=\"400\" class=\"wpcf7-form-control wpcf7-email wpcf7-validates-as-required wpcf7-text wpcf7-validates-as-email\" aria-required=\"true\" aria-invalid=\"false\" value=\"\" type=\"email\" name=\"your-email\" \/><\/span> <\/label>\n<\/p>\n<p><label> Aihe<br \/>\n<span class=\"wpcf7-form-control-wrap\" data-name=\"your-subject\"><input size=\"40\" maxlength=\"400\" class=\"wpcf7-form-control wpcf7-text wpcf7-validates-as-required\" aria-required=\"true\" aria-invalid=\"false\" value=\"\" type=\"text\" name=\"your-subject\" \/><\/span> <\/label>\n<\/p>\n<p><label> Viestisi<br \/>\n<span class=\"wpcf7-form-control-wrap\" data-name=\"your-message\"><textarea cols=\"40\" rows=\"10\" maxlength=\"2000\" class=\"wpcf7-form-control wpcf7-textarea\" aria-invalid=\"false\" name=\"your-message\"><\/textarea><\/span> <\/label>\n<\/p>\n<p><input class=\"wpcf7-form-control wpcf7-submit has-spinner\" type=\"submit\" value=\"L\u00e4het\u00e4\" \/>\n<\/p><div class=\"wpcf7-response-output\" aria-hidden=\"true\"><\/div>\n<\/form>\n<\/div>\n<\/div>\n<\/div>\n\n\n<\/div>\n<p><!-- \/wp:post-content --><\/p>\n<p><!-- wp:columns --><\/p>\n<div class=\"wp-block-columns\"><!-- wp:column --><\/p>\n<div class=\"wp-block-column\"><\/div>\n<p><!-- \/wp:column --><\/div>\n<p><!-- \/wp:columns --><\/p>","protected":false},"excerpt":{"rendered":"<p>Kaikkiin yhteydenottoihin ottaa kantaa Oulu-seura ry:n puheenjohtaja Jarkko V\u00e4likangas. Postiosoite: Oulu-seura ry \/ pj. Jarkko V\u00e4likangasKaarretie 4 G 390500 Oulu Hallitus 2024 Jarkko V\u00e4likangashallituksen puheenjohtajajarkko.valikangas@gmail.comp. 0400 912 898 Marketta Per\u00e4l\u00e4hallituksen varapuheenjohtaja,marketta.p3@gmail.comp. 040 593 3607 Terttu V\u00e4likangashallituksen j\u00e4sen, markkinointi- ja digi-vastaavaterttu.valikangas@gmail.com040 726 4148 Tea Stolt de Glanvillehallituksen j\u00e4senuleaborg@luckan.fi0401803416 Kristiina Haukkamaahallituksen j\u00e4senkristiinahaukkamaa@gmail.com050 5252457 Viena Heikkil\u00e4hallituksen j\u00e4senviena.heikkila@gmail.com040 074 [&hellip;]<\/p>\n","protected":false},"author":2,"featured_media":0,"parent":0,"menu_order":0,"comment_status":"closed","ping_status":"closed","template":"","meta":{"footnotes":""},"class_list":["post-150","page","type-page","status-publish","hentry"],"_links":{"self":[{"href":"https:\/\/oulu-seura.fi\/index.php?rest_route=\/wp\/v2\/pages\/150","targetHints":{"allow":["GET"]}}],"collection":[{"href":"https:\/\/oulu-seura.fi\/index.php?rest_route=\/wp\/v2\/pages"}],"about":[{"href":"https:\/\/oulu-seura.fi\/index.php?rest_route=\/wp\/v2\/types\/page"}],"author":[{"embeddable":true,"href":"https:\/\/oulu-seura.fi\/index.php?rest_route=\/wp\/v2\/users\/2"}],"replies":[{"embeddable":true,"href":"https:\/\/oulu-seura.fi\/index.php?rest_route=%2Fwp%2Fv2%2Fcomments&post=150"}],"version-history":[{"count":16,"href":"https:\/\/oulu-seura.fi\/index.php?rest_route=\/wp\/v2\/pages\/150\/revisions"}],"predecessor-version":[{"id":870,"href":"https:\/\/oulu-seura.fi\/index.php?rest_route=\/wp\/v2\/pages\/150\/revisions\/870"}],"wp:attachment":[{"href":"https:\/\/oulu-seura.fi\/index.php?rest_route=%2Fwp%2Fv2%2Fmedia&parent=150"}],"curies":[{"name":"wp","href":"https:\/\/api.w.org\/{rel}","templated":true}]}}