{"id":123,"date":"2022-09-19T19:23:23","date_gmt":"2022-09-19T16:23:23","guid":{"rendered":"https:\/\/oulu-seura.fi\/?page_id=123"},"modified":"2022-10-16T23:00:45","modified_gmt":"2022-10-16T20:00:45","slug":"oulun-pienoismalli","status":"publish","type":"page","link":"https:\/\/oulu-seura.fi\/?page_id=123","title":{"rendered":"Oulun pienoismalli vuodelta 1938"},"content":{"rendered":"\n<div class=\"wp-block-buttons is-content-justification-space-between is-layout-flex wp-container-core-buttons-is-layout-b2891da8 wp-block-buttons-is-layout-flex\">\n<div class=\"wp-block-button is-style-fill\"><a class=\"wp-block-button__link\" href=\"https:\/\/oulu-seura.fi\/?page_id=75\">Yleist\u00e4<\/a><\/div>\n\n\n\n<div class=\"wp-block-button is-style-fill\"><a class=\"wp-block-button__link\" href=\"https:\/\/oulu-seura.fi\/?page_id=77\">Oulun Etta<\/a><\/div>\n\n\n\n<div class=\"wp-block-button is-style-fill\"><a class=\"wp-block-button__link\" href=\"https:\/\/oulu-seura.fi\/?page_id=114\">Kannanotot<\/a><\/div>\n\n\n\n<div class=\"wp-block-button is-style-fill\"><a class=\"wp-block-button__link\" href=\"https:\/\/oulu-seura.fi\/?page_id=117\">K\u00e4velyretket<\/a><\/div>\n\n\n\n<div class=\"wp-block-button is-style-fill\"><a class=\"wp-block-button__link\" href=\"https:\/\/oulu-seura.fi\/?page_id=120\">Muistomerkit<\/a><\/div>\n<\/div>\n\n\n\n<div class=\"wp-block-columns is-layout-flex wp-container-core-columns-is-layout-28f84493 wp-block-columns-is-layout-flex\">\n<div class=\"wp-block-column is-layout-flow wp-block-column-is-layout-flow\" style=\"flex-basis:66.66%\">\n<p>Oulu oli vuonna 1938 noin 28000 asukkaan puutalokaupunki. Merikoski virtasi vapaana, ja asutus oli keskittynyt keskustaan ja sen tuntumaan: Kajaanintulliin, Kakaravaaralle\u201d, Hein\u00e4p\u00e4\u00e4h\u00e4n ja Tuiraan. N\u00e4m\u00e4 alueet otettiin mukaan Oulua vuonna 1938 kuvaavaan pienoismalliin, joka valmistui syksyll\u00e4 2002. Malli on rakennettu mittakaavaan 1:500 ja on kooltaan 18 neli\u00f6metri\u00e4. Se sijaitsee Pohjois-Pohjanmaan museossa Ainolassa.<\/p>\n<\/div>\n\n\n\n<div class=\"wp-block-column is-layout-flow wp-block-column-is-layout-flow\" style=\"flex-basis:33.33%\">\n<figure class=\"wp-block-image alignright size-full\"><img loading=\"lazy\" decoding=\"async\" width=\"243\" height=\"158\" src=\"https:\/\/oulu-seura.fi\/wp-content\/uploads\/2022\/09\/tori3.jpg\" alt=\"\" class=\"wp-image-240\"\/><figcaption>Kuva: Heikki Oikkonen<\/figcaption><\/figure>\n<\/div>\n<\/div>\n\n\n\n<p>Aloitteen pienoismallin hankkimisesta teki Oulu-seura tammikuussa 1986. Esitys ei saanut heti tuulta purjeisiinsa, vaan se hyv\u00e4ksyttiin vasta vuonna 1989. Hanke eteni vuoden 1990 alusta l\u00e4htien ripe\u00e4sti. Kaupunginhallituksen p\u00e4\u00e4t\u00f6ksen mukaan perustettiin kaupunginarkkitehdin johtama toimikunta, johon Oulu-seurasta valittiin kamarineuvos Atte Kalajoki ja maisteri Maija-Liisa B\u00e4ckstr\u00f6m. Tutkijaksi ja suunnitteluty\u00f6n laatijaksi palkattiin Kaarina Niskala.<\/p>\n\n\n\n<p>Mallihanke koki vastoink\u00e4ymisi\u00e4 1990-luvun laman seurauksena, ja se hyllytettiin. Oulu-seura piti asiaa vireill\u00e4 perustamalla pienoismallitoimikunnan, joka l\u00e4hestyi oululaisia kiinteist\u00f6nomistajia ja esitti, ett\u00e4 he sponsoroisivat omilla tonteillaan sijainneiden rakennusten pienoismallit. N\u00e4in saatiin malliin noin kymmenen valmista korttelia.<\/p>\n\n\n\n<p>Vuonna 1997 mallin tutkimus- ja suunnitteluty\u00f6 sek\u00e4 rakentaminen saatiin uudelleen kaupungin budjettiin. Pienoismallin rakensi mikkelil\u00e4inen MalliaKopio mallintekij\u00e4 Heikki Oikkosen johdolla. Mallissa on tuhansia rakennuksia, jotka kaikki on pyritty tekem\u00e4\u00e4n niin aidon n\u00e4k\u00f6isiksi kuin mahdollista. Maasto on tehty luonnollisen n\u00e4k\u00f6iseksi koskineen ja puuistutuksineen.<\/p>\n\n\n\n<p>Pienoismallissa on my\u00f6s y\u00f6valaistus. Huone pimenee ja malliin syttyy noin 1500 katuvaloa. Lis\u00e4ksi liki 20 rakennusta ja asemalle porhaltava juna on valaistu. Mukana on my\u00f6s \u00e4\u00e4nitehosteita: vastasyntyneen itku, junan puksutus, ravintolan puheensorina ja pianomusiikki.<\/p>\n\n\n\n<p>Pienoismallia voi tarkastella l\u00e4hemmin kameran avulla. Kuvaruudulta voi havaita mallin tarkkuuden: ikkunan puitejaot, koristelistat, laudoituksen suunnat ja jopa mainoskyltit ovat erotettavissa. Mallin yhteyteen on laadittu my\u00f6s tietokoneohjelma, joka antaa tiedot kaupungin historiasta ja rakennuskohteista.<\/p>\n\n\n\n<hr class=\"wp-block-separator has-alpha-channel-opacity is-style-dots\"\/>\n","protected":false},"excerpt":{"rendered":"<p>Oulu oli vuonna 1938 noin 28000 asukkaan puutalokaupunki. Merikoski virtasi vapaana, ja asutus oli keskittynyt keskustaan ja sen tuntumaan: Kajaanintulliin, Kakaravaaralle\u201d, Hein\u00e4p\u00e4\u00e4h\u00e4n ja Tuiraan. N\u00e4m\u00e4 alueet otettiin mukaan Oulua vuonna 1938 kuvaavaan pienoismalliin, joka valmistui syksyll\u00e4 2002. Malli on rakennettu mittakaavaan 1:500 ja on kooltaan 18 neli\u00f6metri\u00e4. Se sijaitsee Pohjois-Pohjanmaan museossa Ainolassa. Aloitteen pienoismallin hankkimisesta [&hellip;]<\/p>\n","protected":false},"author":2,"featured_media":0,"parent":0,"menu_order":0,"comment_status":"closed","ping_status":"closed","template":"","meta":{"footnotes":""},"class_list":["post-123","page","type-page","status-publish","hentry"],"_links":{"self":[{"href":"https:\/\/oulu-seura.fi\/index.php?rest_route=\/wp\/v2\/pages\/123","targetHints":{"allow":["GET"]}}],"collection":[{"href":"https:\/\/oulu-seura.fi\/index.php?rest_route=\/wp\/v2\/pages"}],"about":[{"href":"https:\/\/oulu-seura.fi\/index.php?rest_route=\/wp\/v2\/types\/page"}],"author":[{"embeddable":true,"href":"https:\/\/oulu-seura.fi\/index.php?rest_route=\/wp\/v2\/users\/2"}],"replies":[{"embeddable":true,"href":"https:\/\/oulu-seura.fi\/index.php?rest_route=%2Fwp%2Fv2%2Fcomments&post=123"}],"version-history":[{"count":0,"href":"https:\/\/oulu-seura.fi\/index.php?rest_route=\/wp\/v2\/pages\/123\/revisions"}],"wp:attachment":[{"href":"https:\/\/oulu-seura.fi\/index.php?rest_route=%2Fwp%2Fv2%2Fmedia&parent=123"}],"curies":[{"name":"wp","href":"https:\/\/api.w.org\/{rel}","templated":true}]}}