{"id":117,"date":"2022-09-19T19:22:45","date_gmt":"2022-09-19T16:22:45","guid":{"rendered":"https:\/\/oulu-seura.fi\/?page_id=117"},"modified":"2026-04-04T16:39:40","modified_gmt":"2026-04-04T13:39:40","slug":"kavelyretket","status":"publish","type":"page","link":"https:\/\/oulu-seura.fi\/?page_id=117","title":{"rendered":"K\u00e4velyretket"},"content":{"rendered":"\n<div class=\"wp-block-buttons is-content-justification-space-between is-layout-flex wp-container-core-buttons-is-layout-b2891da8 wp-block-buttons-is-layout-flex\">\n<div class=\"wp-block-button is-style-fill\"><a class=\"wp-block-button__link wp-element-button\" href=\"https:\/\/oulu-seura.fi\/?page_id=75\">Yleist\u00e4<\/a><\/div>\n\n\n\n<div class=\"wp-block-button is-style-fill\"><a class=\"wp-block-button__link wp-element-button\" href=\"https:\/\/oulu-seura.fi\/?page_id=77\">Oulun Etta<\/a><\/div>\n\n\n\n<div class=\"wp-block-button is-style-fill\"><a class=\"wp-block-button__link wp-element-button\" href=\"https:\/\/oulu-seura.fi\/?page_id=114\">Kannanotot<\/a><\/div>\n\n\n\n<div class=\"wp-block-button is-style-fill\"><a class=\"wp-block-button__link wp-element-button\" href=\"https:\/\/oulu-seura.fi\/?page_id=120\">Muistomerkit<\/a><\/div>\n\n\n\n<div class=\"wp-block-button is-style-fill\"><a class=\"wp-block-button__link wp-element-button\" href=\"https:\/\/oulu-seura.fi\/?page_id=123\">Oulun pienoismalli<\/a><\/div>\n<\/div>\n\n\n\n<div class=\"wp-block-columns is-layout-flex wp-container-core-columns-is-layout-28f84493 wp-block-columns-is-layout-flex\">\n<div class=\"wp-block-column is-layout-flow wp-block-column-is-layout-flow\">\n<p>Oulu-seuran n\u00e4kyvin toimintamuoto ovat k\u00e4velyretket, joita on j\u00e4rjestetty l\u00e4hes koko seuran 40-vuotisen toiminnan ajan. Alkuvuosina tutustuttiin k\u00e4vellen esim. ydinkeskustan historiallisiin kortteleihin tai kartoitettiin Oulujoen suiston rantoja. Nyky\u00e4\u00e4n j\u00e4rjest\u00e4mme retki\u00e4 harvemmin.  <\/p>\n\n\n\n<p>Retkist\u00e4 tiedotetaan ilmoituksella Kalevassa ja Forum24:ssa.<\/p>\n<\/div>\n\n\n\n<div class=\"wp-block-column is-layout-flow wp-block-column-is-layout-flow\">\n<figure class=\"wp-block-image size-large\"><img loading=\"lazy\" decoding=\"async\" width=\"1024\" height=\"768\" src=\"https:\/\/oulu-seura.fi\/wp-content\/uploads\/Kavelykierroksella-SannaKoiviston-Ajankulku_veistoksen-edessa-07062022-1024x768.jpg\" alt=\"\" class=\"wp-image-462\" srcset=\"https:\/\/oulu-seura.fi\/wp-content\/uploads\/Kavelykierroksella-SannaKoiviston-Ajankulku_veistoksen-edessa-07062022-1024x768.jpg 1024w, https:\/\/oulu-seura.fi\/wp-content\/uploads\/Kavelykierroksella-SannaKoiviston-Ajankulku_veistoksen-edessa-07062022-300x225.jpg 300w, https:\/\/oulu-seura.fi\/wp-content\/uploads\/Kavelykierroksella-SannaKoiviston-Ajankulku_veistoksen-edessa-07062022-150x113.jpg 150w, https:\/\/oulu-seura.fi\/wp-content\/uploads\/Kavelykierroksella-SannaKoiviston-Ajankulku_veistoksen-edessa-07062022-768x576.jpg 768w, https:\/\/oulu-seura.fi\/wp-content\/uploads\/Kavelykierroksella-SannaKoiviston-Ajankulku_veistoksen-edessa-07062022-1536x1152.jpg 1536w, https:\/\/oulu-seura.fi\/wp-content\/uploads\/Kavelykierroksella-SannaKoiviston-Ajankulku_veistoksen-edessa-07062022-2048x1536.jpg 2048w\" sizes=\"auto, (max-width: 1024px) 100vw, 1024px\" \/><figcaption class=\"wp-element-caption\">K\u00e4velykierroksella Sanna Koiviston Ajankulku-veistoksen edess\u00e4 7.6.2022. Jarkko V\u00e4likangas pit\u00e4\u00e4 painavaa megafonia retke\u00e4 vet\u00e4neen Terttu V\u00e4likankaan suun edess\u00e4.<\/figcaption><\/figure>\n<\/div>\n<\/div>\n\n\n\n<hr class=\"wp-block-separator has-alpha-channel-opacity is-style-dots\"\/>\n","protected":false},"excerpt":{"rendered":"<p>Oulu-seuran n\u00e4kyvin toimintamuoto ovat k\u00e4velyretket, joita on j\u00e4rjestetty l\u00e4hes koko seuran 40-vuotisen toiminnan ajan. Alkuvuosina tutustuttiin k\u00e4vellen esim. ydinkeskustan historiallisiin kortteleihin tai kartoitettiin Oulujoen suiston rantoja. Nyky\u00e4\u00e4n j\u00e4rjest\u00e4mme retki\u00e4 harvemmin. Retkist\u00e4 tiedotetaan ilmoituksella Kalevassa ja Forum24:ssa.<\/p>\n","protected":false},"author":2,"featured_media":0,"parent":0,"menu_order":0,"comment_status":"closed","ping_status":"closed","template":"","meta":{"footnotes":""},"class_list":["post-117","page","type-page","status-publish","hentry"],"_links":{"self":[{"href":"https:\/\/oulu-seura.fi\/index.php?rest_route=\/wp\/v2\/pages\/117","targetHints":{"allow":["GET"]}}],"collection":[{"href":"https:\/\/oulu-seura.fi\/index.php?rest_route=\/wp\/v2\/pages"}],"about":[{"href":"https:\/\/oulu-seura.fi\/index.php?rest_route=\/wp\/v2\/types\/page"}],"author":[{"embeddable":true,"href":"https:\/\/oulu-seura.fi\/index.php?rest_route=\/wp\/v2\/users\/2"}],"replies":[{"embeddable":true,"href":"https:\/\/oulu-seura.fi\/index.php?rest_route=%2Fwp%2Fv2%2Fcomments&post=117"}],"version-history":[{"count":1,"href":"https:\/\/oulu-seura.fi\/index.php?rest_route=\/wp\/v2\/pages\/117\/revisions"}],"predecessor-version":[{"id":896,"href":"https:\/\/oulu-seura.fi\/index.php?rest_route=\/wp\/v2\/pages\/117\/revisions\/896"}],"wp:attachment":[{"href":"https:\/\/oulu-seura.fi\/index.php?rest_route=%2Fwp%2Fv2%2Fmedia&parent=117"}],"curies":[{"name":"wp","href":"https:\/\/api.w.org\/{rel}","templated":true}]}}