{"id":11,"date":"2022-09-10T21:09:23","date_gmt":"2022-09-10T18:09:23","guid":{"rendered":"https:\/\/oulu-seura.fi\/?page_id=11"},"modified":"2026-05-10T18:43:23","modified_gmt":"2026-05-10T15:43:23","slug":"myytavaa","status":"publish","type":"page","link":"https:\/\/oulu-seura.fi\/?page_id=11","title":{"rendered":"Myyt\u00e4v\u00e4t tuotteet"},"content":{"rendered":"\n<div class=\"wp-block-group is-layout-flow wp-block-group-is-layout-flow\">\n<h2 class=\"wp-block-heading\">Yhdistyksen kirjoja ja adresseja voi ostaa:<\/h2>\n\n\n\n<div class=\"wp-block-columns is-layout-flex wp-container-core-columns-is-layout-28f84493 wp-block-columns-is-layout-flex\">\n<div class=\"wp-block-column is-layout-flow wp-block-column-is-layout-flow\">\n<p>Puheenjohtaja Jarkko V\u00e4likankaalta<br>jarkko.valikangas@gmail.com<br>p. 0400 912 898<br><\/p>\n<\/div>\n\n\n\n<div class=\"wp-block-column is-layout-flow wp-block-column-is-layout-flow\">\n<p><br><br><\/p>\n<\/div>\n<\/div>\n<\/div>\n\n\n\n<h6 class=\"wp-block-heading\"><br><\/h6>\n\n\n<h2 class=\"wp-block-post-title\">Myyt\u00e4v\u00e4t tuotteet<\/h2>\n\n\n<figure class=\"wp-block-gallery has-nested-images columns-default is-cropped wp-block-gallery-1 is-layout-flex wp-block-gallery-is-layout-flex\"><\/figure>\n\n\n\n<figure class=\"wp-block-image size-full\"><img decoding=\"async\" src=\"https:\/\/oulu-seura.fi\/wp-content\/uploads\/1Etukansi-Etat-kautta-aikojen-ja-Oulu-Seuran-logo-23.jpg\" alt=\"\" class=\"wp-image-968\"\/><\/figure>\n\n\n\n<hr class=\"wp-block-separator has-alpha-channel-opacity is-style-wide\"\/>\n\n\n\n<h6 class=\"wp-block-heading\"><em>Uutuuskirja<\/em><\/h6>\n\n\n\n<h3 class=\"wp-block-heading\">Terttu V\u00e4likangas: <\/h3>\n\n\n\n<h1 class=\"wp-block-heading\">Oulun Etat kautta aikojen v. 1983-2025<\/h1>\n\n\n\n<h6 class=\"wp-block-heading\">Oulu-Seura ry on 42 vuoden ajan antanut 42 Etta-huomionosoituksen henkil\u00f6ille, yrityksille, yhteis\u00f6ille, yhdistyksille, jota merkitt\u00e4v\u00e4sti ovat edist\u00e4neet Oulun tunnettuutta.<br>Monikaan ei tunne eik\u00e4 muista monen kymmenen vuoden takaisia lahjakkuuksia. Koska Oulu-Seura ry n\u00e4ki tarpeelliseksi tuoda esiin n\u00e4it\u00e4 osaajia, p\u00e4\u00e4tettiin painaa t\u00e4m\u00e4 tietokirja.<br>Etat ryhmiteltiin kirjaan taitojen ja harrastusten mukaan ryhmiin: <strong>Musisoivia Ettoja, Taiteilija-Ettoja, N\u00e4yttelij\u00e4-Ettoja, Kulttuurivaikuttaja-Ettoja, Historiavaikuttaja-Ettoja. Hyvinvointivaikuttaja-Ettoja, Kotiseutuvaikuttaja-Ettoja, Talousvaikuttaja-Ettoja, Urheilu-Ettoja<\/strong><\/h6>\n\n\n\n<figure class=\"wp-block-gallery has-nested-images columns-default is-cropped wp-block-gallery-2 is-layout-flex wp-block-gallery-is-layout-flex\">\n<figure class=\"wp-block-image size-large\"><img loading=\"lazy\" decoding=\"async\" width=\"1024\" height=\"705\" data-id=\"970\" src=\"https:\/\/oulu-seura.fi\/wp-content\/uploads\/painetun-Etta-kirjan-takakansi-1024x705.jpg\" alt=\"\" class=\"wp-image-970\" srcset=\"https:\/\/oulu-seura.fi\/wp-content\/uploads\/painetun-Etta-kirjan-takakansi-1024x705.jpg 1024w, https:\/\/oulu-seura.fi\/wp-content\/uploads\/painetun-Etta-kirjan-takakansi-300x207.jpg 300w, https:\/\/oulu-seura.fi\/wp-content\/uploads\/painetun-Etta-kirjan-takakansi-150x103.jpg 150w, https:\/\/oulu-seura.fi\/wp-content\/uploads\/painetun-Etta-kirjan-takakansi-768x529.jpg 768w, https:\/\/oulu-seura.fi\/wp-content\/uploads\/painetun-Etta-kirjan-takakansi-1536x1058.jpg 1536w, https:\/\/oulu-seura.fi\/wp-content\/uploads\/painetun-Etta-kirjan-takakansi.jpg 1818w\" sizes=\"auto, (max-width: 1024px) 100vw, 1024px\" \/><\/figure>\n<\/figure>\n\n\n\n<h6 class=\"wp-block-heading\">Hinta 25 \u20ac<\/h6>\n\n\n\n<div class=\"wp-block-columns is-layout-flex wp-container-core-columns-is-layout-28f84493 wp-block-columns-is-layout-flex\">\n<div class=\"wp-block-column is-layout-flow wp-block-column-is-layout-flow\">\n<figure class=\"wp-block-image size-full\"><img loading=\"lazy\" decoding=\"async\" width=\"719\" height=\"1001\" src=\"https:\/\/oulu-seura.fi\/wp-content\/uploads\/Kakaravaara_Timo_Sarkkinen_2006_-kansi-1.jpg\" alt=\"\" class=\"wp-image-801\" srcset=\"https:\/\/oulu-seura.fi\/wp-content\/uploads\/Kakaravaara_Timo_Sarkkinen_2006_-kansi-1.jpg 719w, https:\/\/oulu-seura.fi\/wp-content\/uploads\/Kakaravaara_Timo_Sarkkinen_2006_-kansi-1-215x300.jpg 215w, https:\/\/oulu-seura.fi\/wp-content\/uploads\/Kakaravaara_Timo_Sarkkinen_2006_-kansi-1-108x150.jpg 108w\" sizes=\"auto, (max-width: 719px) 100vw, 719px\" \/><\/figure>\n<\/div>\n\n\n\n<div class=\"wp-block-column is-layout-flow wp-block-column-is-layout-flow\">\n<div data-wp-interactive=\"core\/file\" class=\"wp-block-file\"><object data-wp-bind--hidden=\"!state.hasPdfPreview\" hidden class=\"wp-block-file__embed\" data=\"https:\/\/oulu-seura.fi\/wp-content\/uploads\/KAKARAVAARA_Timo_Sarkkinen_2006_-2025-05-01-2.pdf\" type=\"application\/pdf\" style=\"width:100%;height:600px\" aria-label=\"Tiedoston KAKARAVAARA_Timo_Sarkkinen_2006_--2025-05-01-2 upotus.\"><\/object><a id=\"wp-block-file--media-ed8f5abe-cd85-4792-9f28-10a94e5b6bc9\" href=\"https:\/\/oulu-seura.fi\/wp-content\/uploads\/KAKARAVAARA_Timo_Sarkkinen_2006_-2025-05-01-2.pdf\">KAKARAVAARA_Timo_Sarkkinen_2006_&#8211;2025-05-01-2<\/a><a href=\"https:\/\/oulu-seura.fi\/wp-content\/uploads\/KAKARAVAARA_Timo_Sarkkinen_2006_-2025-05-01-2.pdf\" class=\"wp-block-file__button wp-element-button\" download aria-describedby=\"wp-block-file--media-ed8f5abe-cd85-4792-9f28-10a94e5b6bc9\">Lataa<\/a><\/div>\n<\/div>\n<\/div>\n\n\n\n\n\n<div class=\"wp-block-columns is-layout-flex wp-container-core-columns-is-layout-28f84493 wp-block-columns-is-layout-flex\">\n<div class=\"wp-block-column is-layout-flow wp-block-column-is-layout-flow\" style=\"flex-basis:66.66%\"><\/div>\n\n\n\n<div class=\"wp-block-column is-layout-flow wp-block-column-is-layout-flow\" style=\"flex-basis:33.33%\"><\/div>\n<\/div>\n\n\n\n<div class=\"wp-block-columns is-not-stacked-on-mobile is-layout-flex wp-container-core-columns-is-layout-28f84493 wp-block-columns-is-layout-flex\">\n<div class=\"wp-block-column is-layout-flow wp-block-column-is-layout-flow\" style=\"flex-basis:66.66%\">\n<p><\/p>\n\n\n\n<h3 class=\"wp-block-heading\"><em>Kari Sallamaa: <\/em><br>Maailma Ouluna. Atte Kalajoen el\u00e4m\u00e4 ja ty\u00f6t<\/h3>\n\n\n\n<p>Dosentti, kirjallisuudentutkija Kari Sallamaan kirjoittama kamarineuvos Atte Kalajoen el\u00e4m\u00e4kerta Maailma Ouluna. Atte Kalajoen el\u00e4m\u00e4 ja ty\u00f6t tarkastelee kohdehenkil\u00f6n vaiheita halki itsen\u00e4isen Suomen. Atte Kalajoki oli yksi Oulu-seuran perustajaj\u00e4senist\u00e4 ja my\u00f6hemmin seuran kunniaj\u00e4sen, merkitt\u00e4v\u00e4 oululainen kulttuurihenkil\u00f6, kamarineuvos, filosofian tohtori h.c., joka toimi sodassa Mannerheimin henkivartijana ja my\u00f6hemmmin sanomalehtimiehen\u00e4, suomen kielen opettajana ja Oulun yliopiston apulaissihteerin\u00e4. H\u00e4n oli my\u00f6s edelleen ilmestyv\u00e4n, nyt jo yli 70-vuotiaan kulttuurilehti Kaltion ideoija, perustaja, pitk\u00e4aikainen p\u00e4\u00e4toimittaja, taloudenhoitaja ja hallituksen kunniapuheenjohtaja. Teoksia Kalajoki julkaisi toistakymment\u00e4 ja kirjoitti niiden lis\u00e4ksi kymmeni\u00e4tuhansia juttuja sek\u00e4 Panu-nimerkill\u00e4 parituhatta pakinaa. Kalajoki oli paras vanhan Oulun historian, tarinoiden, talojen ja ihmisten tuntija ja perinteisen ymp\u00e4rist\u00f6n suojelija. Teos on kovakantinen, siin\u00e4 on 382 s. ja viitisenkymment\u00e4 mustavalkokuvaa. Valtioneuvosto hyv\u00e4ksyi teoksen Suomi100-juhlavuoden hankkeeksi.<\/p>\n\n\n\n<p><strong>Hinta 10 \u20ac<\/strong><\/p>\n<\/div>\n\n\n\n<div class=\"wp-block-column is-layout-flow wp-block-column-is-layout-flow\" style=\"flex-basis:33.33%\">\n<figure class=\"wp-block-image size-large has-custom-border is-style-default\"><a href=\"https:\/\/oulu-seura.fi\/wp-content\/uploads\/IMG_20221030_133842-scaled.jpg\"><img loading=\"lazy\" decoding=\"async\" width=\"768\" height=\"1024\" src=\"https:\/\/oulu-seura.fi\/wp-content\/uploads\/IMG_20221030_133842-768x1024.jpg\" alt=\"\" class=\"wp-image-554\" style=\"border-radius:0px\" srcset=\"https:\/\/oulu-seura.fi\/wp-content\/uploads\/IMG_20221030_133842-768x1024.jpg 768w, https:\/\/oulu-seura.fi\/wp-content\/uploads\/IMG_20221030_133842-225x300.jpg 225w, https:\/\/oulu-seura.fi\/wp-content\/uploads\/IMG_20221030_133842-113x150.jpg 113w, https:\/\/oulu-seura.fi\/wp-content\/uploads\/IMG_20221030_133842-1152x1536.jpg 1152w, https:\/\/oulu-seura.fi\/wp-content\/uploads\/IMG_20221030_133842-1536x2048.jpg 1536w, https:\/\/oulu-seura.fi\/wp-content\/uploads\/IMG_20221030_133842-scaled.jpg 1920w\" sizes=\"auto, (max-width: 768px) 100vw, 768px\" \/><\/a><\/figure>\n<\/div>\n<\/div>\n\n\n\n<div class=\"wp-block-columns is-layout-flex wp-container-core-columns-is-layout-28f84493 wp-block-columns-is-layout-flex\">\n<div class=\"wp-block-column is-layout-flow wp-block-column-is-layout-flow\" style=\"flex-basis:100%\">\n<hr class=\"wp-block-separator has-alpha-channel-opacity is-style-dots\"\/>\n<\/div>\n<\/div>\n\n\n\n<div class=\"wp-block-columns is-layout-flex wp-container-core-columns-is-layout-28f84493 wp-block-columns-is-layout-flex\">\n<div class=\"wp-block-column is-layout-flow wp-block-column-is-layout-flow\" style=\"flex-basis:66.66%\">\n<h3 class=\"wp-block-heading\"><em>Ulla Pohjamo: <\/em><br>Esikaupunki moni\u00e4\u00e4nisen\u00e4 kulttuuriperint\u00f6n\u00e4 &#8211; Oulun Hietasaari <\/h3>\n\n\n\n<p><strong>Hinta 20,00 \u20ac.<\/strong><\/p>\n<\/div>\n\n\n\n<div class=\"wp-block-column is-layout-flow wp-block-column-is-layout-flow\" style=\"flex-basis:33.33%\">\n<figure class=\"wp-block-image size-large\"><a href=\"https:\/\/oulu-seura.fi\/wp-content\/uploads\/IMG_20221030_135958-scaled.jpg\"><img loading=\"lazy\" decoding=\"async\" width=\"768\" height=\"1024\" src=\"https:\/\/oulu-seura.fi\/wp-content\/uploads\/IMG_20221030_135958-768x1024.jpg\" alt=\"\" class=\"wp-image-544\" srcset=\"https:\/\/oulu-seura.fi\/wp-content\/uploads\/IMG_20221030_135958-768x1024.jpg 768w, https:\/\/oulu-seura.fi\/wp-content\/uploads\/IMG_20221030_135958-225x300.jpg 225w, https:\/\/oulu-seura.fi\/wp-content\/uploads\/IMG_20221030_135958-113x150.jpg 113w, https:\/\/oulu-seura.fi\/wp-content\/uploads\/IMG_20221030_135958-1152x1536.jpg 1152w, https:\/\/oulu-seura.fi\/wp-content\/uploads\/IMG_20221030_135958-1536x2048.jpg 1536w, https:\/\/oulu-seura.fi\/wp-content\/uploads\/IMG_20221030_135958-scaled.jpg 1920w\" sizes=\"auto, (max-width: 768px) 100vw, 768px\" \/><\/a><\/figure>\n<\/div>\n<\/div>\n\n\n\n<hr class=\"wp-block-separator has-alpha-channel-opacity is-style-dots\"\/>\n\n\n\n<div class=\"wp-block-columns is-not-stacked-on-mobile is-layout-flex wp-container-core-columns-is-layout-28f84493 wp-block-columns-is-layout-flex\">\n<div class=\"wp-block-column is-layout-flow wp-block-column-is-layout-flow\" style=\"flex-basis:66.66%\">\n<h3 class=\"wp-block-heading\"><em>Johannes Snellman: <\/em><br>De Urbe Uloa: Oulun kaupungista<\/h3>\n\n\n\n<p>Teos sis\u00e4lt\u00e4\u00e4 n\u00e4k\u00f6ispainoksen Johannes Snellmannin maisterinv\u00e4it\u00f6skirjasta vuodelta 1737 sek\u00e4 sen uuden suomennoksen. Teosta t\u00e4ydent\u00e4\u00e4 prof. Jouko Vahtolan laaja J. Snellmannin el\u00e4m\u00e4nvaiheita valaiseva osa.1700-luvun Oulusta ja sen asukkaista kertova teos on arvokas lahja kaikille Oulun historian yst\u00e4ville.<\/p>\n\n\n\n<p><strong>Hinta 10 \u20ac<\/strong><\/p>\n<\/div>\n\n\n\n<div class=\"wp-block-column is-layout-flow wp-block-column-is-layout-flow\" style=\"flex-basis:33.33%\">\n<figure class=\"wp-block-image size-large\"><a href=\"https:\/\/oulu-seura.fi\/wp-content\/uploads\/IMG_20221030_134229-scaled.jpg\"><img loading=\"lazy\" decoding=\"async\" width=\"768\" height=\"1024\" src=\"https:\/\/oulu-seura.fi\/wp-content\/uploads\/IMG_20221030_134229-768x1024.jpg\" alt=\"\" class=\"wp-image-546\" srcset=\"https:\/\/oulu-seura.fi\/wp-content\/uploads\/IMG_20221030_134229-768x1024.jpg 768w, https:\/\/oulu-seura.fi\/wp-content\/uploads\/IMG_20221030_134229-225x300.jpg 225w, https:\/\/oulu-seura.fi\/wp-content\/uploads\/IMG_20221030_134229-113x150.jpg 113w, https:\/\/oulu-seura.fi\/wp-content\/uploads\/IMG_20221030_134229-1152x1536.jpg 1152w, https:\/\/oulu-seura.fi\/wp-content\/uploads\/IMG_20221030_134229-1536x2048.jpg 1536w, https:\/\/oulu-seura.fi\/wp-content\/uploads\/IMG_20221030_134229-scaled.jpg 1920w\" sizes=\"auto, (max-width: 768px) 100vw, 768px\" \/><\/a><\/figure>\n<\/div>\n<\/div>\n\n\n\n<hr class=\"wp-block-separator has-alpha-channel-opacity is-style-dots\"\/>\n\n\n\n<div class=\"wp-block-columns is-not-stacked-on-mobile is-layout-flex wp-container-core-columns-is-layout-28f84493 wp-block-columns-is-layout-flex\">\n<div class=\"wp-block-column is-layout-flow wp-block-column-is-layout-flow\" style=\"flex-basis:66.66%\">\n<h3 class=\"wp-block-heading\"><em>Lauri Cajan, Satu Koho, Irma Kyrki ja Eino Snellman: <\/em><br>Uutta luoden, vanhaa vaalien, Oululaista kotiseututy\u00f6t\u00e4 50 vuotta 1962-2012<\/h3>\n\n\n\n<p>Oulu-seuran 50-vuotisjuhlavuoden kunniaksi on laadittu historiikki, jonka ovat koonneet toimittaja Satu Koho ja kirjastonhoitaja Irma Kyrki. Kirjan pohjana on k\u00e4ytetty mets\u00e4nhoitaja Lauri Cajanin ja asessori Eino Snellmanin kirjoittamaa 40-vuotishistoriikkia. Teos kattaa seuran monipuolisen ja laajan toiminnan ohella oululaista kulttuurihistoriaa henkil\u00f6ineen, paikkoineen ja maisemineen. Kirjassa on my\u00f6s edellisest\u00e4 historiikista puuttunut henkil\u00f6hakemisto.<\/p>\n\n\n\n<p><strong>Hinta 10\u20ac<\/strong><\/p>\n<\/div>\n\n\n\n<div class=\"wp-block-column is-layout-flow wp-block-column-is-layout-flow\" style=\"flex-basis:33.33%\">\n<figure class=\"wp-block-image size-large is-style-default\"><a href=\"https:\/\/oulu-seura.fi\/wp-content\/uploads\/IMG_20221030_135523-scaled.jpg\"><img loading=\"lazy\" decoding=\"async\" width=\"768\" height=\"1024\" src=\"https:\/\/oulu-seura.fi\/wp-content\/uploads\/IMG_20221030_135523-768x1024.jpg\" alt=\"\" class=\"wp-image-548\" srcset=\"https:\/\/oulu-seura.fi\/wp-content\/uploads\/IMG_20221030_135523-768x1024.jpg 768w, https:\/\/oulu-seura.fi\/wp-content\/uploads\/IMG_20221030_135523-225x300.jpg 225w, https:\/\/oulu-seura.fi\/wp-content\/uploads\/IMG_20221030_135523-113x150.jpg 113w, https:\/\/oulu-seura.fi\/wp-content\/uploads\/IMG_20221030_135523-1152x1536.jpg 1152w, https:\/\/oulu-seura.fi\/wp-content\/uploads\/IMG_20221030_135523-1536x2048.jpg 1536w, https:\/\/oulu-seura.fi\/wp-content\/uploads\/IMG_20221030_135523-scaled.jpg 1920w\" sizes=\"auto, (max-width: 768px) 100vw, 768px\" \/><\/a><\/figure>\n<\/div>\n<\/div>\n\n\n\n<hr class=\"wp-block-separator has-alpha-channel-opacity is-style-dots\"\/>\n\n\n\n<div class=\"wp-block-columns is-not-stacked-on-mobile is-layout-flex wp-container-core-columns-is-layout-28f84493 wp-block-columns-is-layout-flex\">\n<div class=\"wp-block-column is-layout-flow wp-block-column-is-layout-flow\" style=\"flex-basis:66.66%\">\n<h3 class=\"wp-block-heading\">Oululaista kotiseututy\u00f6t\u00e4 40 vuotta: Oulu-seura 1962-2002<\/h3>\n\n\n\n<p>Seuran ty\u00f6t\u00e4 seikkaper\u00e4isesti valottava teos on mielenkiintoista luettavaa niin nykyisille kuin uusillekin seuran j\u00e4senille ja kaikille kotiseututy\u00f6st\u00e4 kiinnostuneille. Kirjoittajina ovat pitk\u00e4\u00e4n kotiseututy\u00f6ss\u00e4 vaikuttaneet Lauri Cajan ja Eino Snellman.<\/p>\n\n\n\n<p><strong>Hinta<\/strong> <strong>10 \u20ac<\/strong><\/p>\n<\/div>\n\n\n\n<div class=\"wp-block-column is-layout-flow wp-block-column-is-layout-flow\" style=\"flex-basis:33.33%\">\n<figure class=\"wp-block-image size-large\"><a href=\"https:\/\/oulu-seura.fi\/wp-content\/uploads\/IMG_20221030_135704-scaled.jpg\"><img loading=\"lazy\" decoding=\"async\" width=\"768\" height=\"1024\" src=\"https:\/\/oulu-seura.fi\/wp-content\/uploads\/IMG_20221030_135704-768x1024.jpg\" alt=\"\" class=\"wp-image-549\" srcset=\"https:\/\/oulu-seura.fi\/wp-content\/uploads\/IMG_20221030_135704-768x1024.jpg 768w, https:\/\/oulu-seura.fi\/wp-content\/uploads\/IMG_20221030_135704-225x300.jpg 225w, https:\/\/oulu-seura.fi\/wp-content\/uploads\/IMG_20221030_135704-113x150.jpg 113w, https:\/\/oulu-seura.fi\/wp-content\/uploads\/IMG_20221030_135704-1152x1536.jpg 1152w, https:\/\/oulu-seura.fi\/wp-content\/uploads\/IMG_20221030_135704-1536x2048.jpg 1536w, https:\/\/oulu-seura.fi\/wp-content\/uploads\/IMG_20221030_135704-scaled.jpg 1920w\" sizes=\"auto, (max-width: 768px) 100vw, 768px\" \/><\/a><\/figure>\n<\/div>\n<\/div>\n\n\n\n<hr class=\"wp-block-separator has-alpha-channel-opacity is-style-dots\"\/>\n\n\n\n<div class=\"wp-block-columns is-layout-flex wp-container-core-columns-is-layout-28f84493 wp-block-columns-is-layout-flex\">\n<div class=\"wp-block-column is-layout-flow wp-block-column-is-layout-flow\" style=\"flex-basis:66.66%\">\n<h3 class=\"wp-block-heading\"><em>Apteekkari Carl Alfred Halleen: <\/em><br>Runokokoelma, Diktsamling, v. 1907-1936<\/h3>\n\n\n\n<p><strong>Hinta 10 \u20ac<\/strong><\/p>\n<\/div>\n\n\n\n<div class=\"wp-block-column is-layout-flow wp-block-column-is-layout-flow\" style=\"flex-basis:33.33%\">\n<figure class=\"wp-block-image size-large\"><a href=\"https:\/\/oulu-seura.fi\/wp-content\/uploads\/IMG_20221030_134406-scaled.jpg\"><img loading=\"lazy\" decoding=\"async\" width=\"768\" height=\"1024\" src=\"https:\/\/oulu-seura.fi\/wp-content\/uploads\/IMG_20221030_134406-768x1024.jpg\" alt=\"\" class=\"wp-image-551\" srcset=\"https:\/\/oulu-seura.fi\/wp-content\/uploads\/IMG_20221030_134406-768x1024.jpg 768w, https:\/\/oulu-seura.fi\/wp-content\/uploads\/IMG_20221030_134406-225x300.jpg 225w, https:\/\/oulu-seura.fi\/wp-content\/uploads\/IMG_20221030_134406-113x150.jpg 113w, https:\/\/oulu-seura.fi\/wp-content\/uploads\/IMG_20221030_134406-1152x1536.jpg 1152w, https:\/\/oulu-seura.fi\/wp-content\/uploads\/IMG_20221030_134406-1536x2048.jpg 1536w, https:\/\/oulu-seura.fi\/wp-content\/uploads\/IMG_20221030_134406-scaled.jpg 1920w\" sizes=\"auto, (max-width: 768px) 100vw, 768px\" \/><\/a><\/figure>\n<\/div>\n<\/div>\n\n\n\n<hr class=\"wp-block-separator has-alpha-channel-opacity is-style-dots\"\/>\n\n\n\n<div class=\"wp-block-columns is-layout-flex wp-container-core-columns-is-layout-28f84493 wp-block-columns-is-layout-flex\">\n<div class=\"wp-block-column is-layout-flow wp-block-column-is-layout-flow\" style=\"flex-basis:66.66%\"><\/div>\n\n\n\n<div class=\"wp-block-column is-layout-flow wp-block-column-is-layout-flow\" style=\"flex-basis:33.33%\"><\/div>\n<\/div>\n\n\n\n<hr class=\"wp-block-separator has-alpha-channel-opacity is-style-dots\"\/>\n\n\n\n<div class=\"wp-block-columns is-not-stacked-on-mobile is-layout-flex wp-container-core-columns-is-layout-28f84493 wp-block-columns-is-layout-flex\">\n<div class=\"wp-block-column is-layout-flow wp-block-column-is-layout-flow\" style=\"flex-basis:66.66%\">\n<h3 class=\"wp-block-heading\"><strong>Adressi<\/strong>t<\/h3>\n\n\n\n<p>Iso suruadressi<br>Pieni suruadressi<br>Iso iloadressi<\/p>\n\n\n\n<p><strong>Hinta 5 &#8211; 10 \u20ac<\/strong> \/ kappale, riippuen ostom\u00e4\u00e4rist\u00e4<\/p>\n\n\n\n<p><em>Esim. 1 adressi \u00e1 10 euroa tai 10 adressia \u00e1 5,00 euroa, yhteens\u00e4 50,00 euroa.<\/em><\/p>\n\n\n\n<p>Adresseissa <em>Hilkka Inkalan<\/em> meriaiheinen piirros Oulusta.<\/p>\n<\/div>\n\n\n\n<div class=\"wp-block-column is-layout-flow wp-block-column-is-layout-flow\" style=\"flex-basis:33.33%\">\n<figure class=\"wp-block-image size-large\"><a href=\"https:\/\/oulu-seura.fi\/wp-content\/uploads\/IMG_20221030_134843-scaled.jpg\"><img loading=\"lazy\" decoding=\"async\" width=\"768\" height=\"1024\" src=\"https:\/\/oulu-seura.fi\/wp-content\/uploads\/IMG_20221030_134843-768x1024.jpg\" alt=\"\" class=\"wp-image-553\" srcset=\"https:\/\/oulu-seura.fi\/wp-content\/uploads\/IMG_20221030_134843-768x1024.jpg 768w, https:\/\/oulu-seura.fi\/wp-content\/uploads\/IMG_20221030_134843-225x300.jpg 225w, https:\/\/oulu-seura.fi\/wp-content\/uploads\/IMG_20221030_134843-113x150.jpg 113w, https:\/\/oulu-seura.fi\/wp-content\/uploads\/IMG_20221030_134843-1152x1536.jpg 1152w, https:\/\/oulu-seura.fi\/wp-content\/uploads\/IMG_20221030_134843-1536x2048.jpg 1536w, https:\/\/oulu-seura.fi\/wp-content\/uploads\/IMG_20221030_134843-scaled.jpg 1920w\" sizes=\"auto, (max-width: 768px) 100vw, 768px\" \/><\/a><\/figure>\n<\/div>\n<\/div>\n\n\n\n<hr class=\"wp-block-separator has-alpha-channel-opacity is-style-dots\"\/>\n","protected":false},"excerpt":{"rendered":"<p>Yhdistyksen kirjoja ja adresseja voi ostaa: Puheenjohtaja Jarkko V\u00e4likankaaltajarkko.valikangas@gmail.comp. 0400 912 898 Uutuuskirja Terttu V\u00e4likangas: Oulun Etat kautta aikojen v. 1983-2025 Oulu-Seura ry on 42 vuoden ajan antanut 42 Etta-huomionosoituksen henkil\u00f6ille, yrityksille, yhteis\u00f6ille, yhdistyksille, jota merkitt\u00e4v\u00e4sti ovat edist\u00e4neet Oulun tunnettuutta.Monikaan ei tunne eik\u00e4 muista monen kymmenen vuoden takaisia lahjakkuuksia. Koska Oulu-Seura ry n\u00e4ki tarpeelliseksi tuoda [&hellip;]<\/p>\n","protected":false},"author":2,"featured_media":0,"parent":0,"menu_order":0,"comment_status":"closed","ping_status":"closed","template":"","meta":{"footnotes":""},"class_list":["post-11","page","type-page","status-publish","hentry"],"_links":{"self":[{"href":"https:\/\/oulu-seura.fi\/index.php?rest_route=\/wp\/v2\/pages\/11","targetHints":{"allow":["GET"]}}],"collection":[{"href":"https:\/\/oulu-seura.fi\/index.php?rest_route=\/wp\/v2\/pages"}],"about":[{"href":"https:\/\/oulu-seura.fi\/index.php?rest_route=\/wp\/v2\/types\/page"}],"author":[{"embeddable":true,"href":"https:\/\/oulu-seura.fi\/index.php?rest_route=\/wp\/v2\/users\/2"}],"replies":[{"embeddable":true,"href":"https:\/\/oulu-seura.fi\/index.php?rest_route=%2Fwp%2Fv2%2Fcomments&post=11"}],"version-history":[{"count":12,"href":"https:\/\/oulu-seura.fi\/index.php?rest_route=\/wp\/v2\/pages\/11\/revisions"}],"predecessor-version":[{"id":975,"href":"https:\/\/oulu-seura.fi\/index.php?rest_route=\/wp\/v2\/pages\/11\/revisions\/975"}],"wp:attachment":[{"href":"https:\/\/oulu-seura.fi\/index.php?rest_route=%2Fwp%2Fv2%2Fmedia&parent=11"}],"curies":[{"name":"wp","href":"https:\/\/api.w.org\/{rel}","templated":true}]}}