{"id":107,"date":"2022-09-19T19:21:01","date_gmt":"2022-09-19T16:21:01","guid":{"rendered":"https:\/\/oulu-seura.fi\/?page_id=107"},"modified":"2023-07-29T17:32:32","modified_gmt":"2023-07-29T14:32:32","slug":"linkit","status":"publish","type":"page","link":"https:\/\/oulu-seura.fi\/?page_id=107","title":{"rendered":"Linkkej\u00e4"},"content":{"rendered":"\n<h2 class=\"wp-block-heading\">Tietoja Oulun kaupungista l\u00f6ytyy mm. n\u00e4ilt\u00e4 sivuilta:<\/h2>\n\n\n\n<p>Tietoa Oulusta: <a href=\"http:\/\/www.ouka.fi\/oulu\/oulu-tietoa\"><br>http:\/\/www.ouka.fi\/oulu\/oulu-tietoa<\/a><\/p>\n\n\n\n<p>Aikamatka-Oulu, Oulun 400-vuotisjuhlavuoden tapahtumasivusto:<br><a href=\"http:\/\/oulu.ouka.fi\/aikamatkaoulu\/alku.asp\">http:\/\/oulu.ouka.fi\/aikamatkaoulu\/alku.asp<\/a><\/p>\n\n\n\n<p>Pohjois-Pohjanmaan museo:<br><a href=\"http:\/\/www.ouka.fi\/ppm\">http:\/\/www.ouka.fi\/ppm<\/a><br><br>Oulun Maakunta-arkiston muututtua Kansallisarkiston Oulun toimipaikaksi, erillisi\u00e4 Oulua koskevia sivuja ei en\u00e4\u00e4 ole.<br>Oulua koskevia tietoja l\u00f6ytyy silti edelleen Kansallisarkiston sivuilta:<br><a href=\"http:\/\/www.arkisto.fi\">http:\/\/www.arkisto.fi<\/a><br><br><\/p>\n\n\n\n<h2 class=\"wp-block-heading\">Kotiseutuasiaa<\/h2>\n\n\n\n<p>Suomen Kotiseutuliitto:<br><a href=\"https:\/\/kotiseutuliitto.fi\/\">https:\/\/kotiseutuliitto.fi\/<\/a><\/p>\n\n\n\n<p>Haukipudas-seura:<br><a href=\"http:\/\/haukipudasseura.yhdistysavain.fi\/\">http:\/\/haukipudasseura.yhdistysavain.fi\/<\/a><\/p>\n\n\n\n<p>Kiiminki-seura:<br><a href=\"http:\/\/kiiminkiseura.blogspot.fi\/\">http:\/\/kiiminkiseura.blogspot.fi\/<\/a><\/p>\n\n\n\n<p>Kotiseutuseura Paavolan pakanat:<br><a href=\"http:\/\/www.paavolanpakanat.net\/\">http:\/\/www.paavolanpakanat.net\/<\/a><br><br>Oulujoki-seura:<br><a href=\"https:\/\/oulujokiseura-yhdistysavain-fi.directo.fi\/\">https:\/\/oulujokiseura-yhdistysavain-fi.directo.fi\/<\/a><a href=\"http:\/\/www.kotiseutuliitto.fi\/jasenet\/jasenyhteisot\/oulujoki-seura\"><\/a><\/p>\n\n\n\n<p>Pateniemi-seura:<br><a href=\"https:\/\/pateniemiseura.wordpress.com\/pateniemi-seura\/\">https:\/\/pateniemiseura.wordpress.com\/pateniemi-seura\/<\/a><\/p>\n\n\n\n<p>Oulun historiaseura:<br><a href=\"http:\/\/pro.tsv.fi\/oulunhistoriaseura\/\">http:\/\/pro.tsv.fi\/oulunhistoriaseura\/<\/a><\/p>\n\n\n\n<p>Oulun Pohjola Norden:<\/p>\n\n\n\n<p><a href=\"https:\/\/oulu.pohjola-norden.fi\/start\/\">https:\/\/oulu.pohjola-norden.fi\/<\/a><\/p>\n\n\n\n<div class=\"wp-block-columns is-layout-flex wp-container-core-columns-is-layout-28f84493 wp-block-columns-is-layout-flex\">\n<div class=\"wp-block-column is-layout-flow wp-block-column-is-layout-flow\">\n<div class=\"wp-block-columns is-layout-flex wp-container-core-columns-is-layout-28f84493 wp-block-columns-is-layout-flex\"><\/div>\n<\/div>\n<\/div>\n","protected":false},"excerpt":{"rendered":"<p>Tietoja Oulun kaupungista l\u00f6ytyy mm. n\u00e4ilt\u00e4 sivuilta: Tietoa Oulusta: http:\/\/www.ouka.fi\/oulu\/oulu-tietoa Aikamatka-Oulu, Oulun 400-vuotisjuhlavuoden tapahtumasivusto:http:\/\/oulu.ouka.fi\/aikamatkaoulu\/alku.asp Pohjois-Pohjanmaan museo:http:\/\/www.ouka.fi\/ppm Oulun Maakunta-arkiston muututtua Kansallisarkiston Oulun toimipaikaksi, erillisi\u00e4 Oulua koskevia sivuja ei en\u00e4\u00e4 ole.Oulua koskevia tietoja l\u00f6ytyy silti edelleen Kansallisarkiston sivuilta:http:\/\/www.arkisto.fi Kotiseutuasiaa Suomen Kotiseutuliitto:https:\/\/kotiseutuliitto.fi\/ Haukipudas-seura:http:\/\/haukipudasseura.yhdistysavain.fi\/ Kiiminki-seura:http:\/\/kiiminkiseura.blogspot.fi\/ Kotiseutuseura Paavolan pakanat:http:\/\/www.paavolanpakanat.net\/ Oulujoki-seura:https:\/\/oulujokiseura-yhdistysavain-fi.directo.fi\/ Pateniemi-seura:https:\/\/pateniemiseura.wordpress.com\/pateniemi-seura\/ Oulun historiaseura:http:\/\/pro.tsv.fi\/oulunhistoriaseura\/ Oulun Pohjola Norden: https:\/\/oulu.pohjola-norden.fi\/<\/p>\n","protected":false},"author":2,"featured_media":0,"parent":0,"menu_order":0,"comment_status":"closed","ping_status":"closed","template":"","meta":{"footnotes":""},"class_list":["post-107","page","type-page","status-publish","hentry"],"_links":{"self":[{"href":"https:\/\/oulu-seura.fi\/index.php?rest_route=\/wp\/v2\/pages\/107","targetHints":{"allow":["GET"]}}],"collection":[{"href":"https:\/\/oulu-seura.fi\/index.php?rest_route=\/wp\/v2\/pages"}],"about":[{"href":"https:\/\/oulu-seura.fi\/index.php?rest_route=\/wp\/v2\/types\/page"}],"author":[{"embeddable":true,"href":"https:\/\/oulu-seura.fi\/index.php?rest_route=\/wp\/v2\/users\/2"}],"replies":[{"embeddable":true,"href":"https:\/\/oulu-seura.fi\/index.php?rest_route=%2Fwp%2Fv2%2Fcomments&post=107"}],"version-history":[{"count":2,"href":"https:\/\/oulu-seura.fi\/index.php?rest_route=\/wp\/v2\/pages\/107\/revisions"}],"predecessor-version":[{"id":657,"href":"https:\/\/oulu-seura.fi\/index.php?rest_route=\/wp\/v2\/pages\/107\/revisions\/657"}],"wp:attachment":[{"href":"https:\/\/oulu-seura.fi\/index.php?rest_route=%2Fwp%2Fv2%2Fmedia&parent=107"}],"curies":[{"name":"wp","href":"https:\/\/api.w.org\/{rel}","templated":true}]}}