{"id":101,"date":"2022-09-19T19:20:10","date_gmt":"2022-09-19T16:20:10","guid":{"rendered":"https:\/\/oulu-seura.fi\/?page_id=101"},"modified":"2022-10-16T23:12:02","modified_gmt":"2022-10-16T20:12:02","slug":"liittyminen","status":"publish","type":"page","link":"https:\/\/oulu-seura.fi\/?page_id=101","title":{"rendered":"Liity j\u00e4seneksi"},"content":{"rendered":"\n<p>Oulu-seuran j\u00e4seneksi voit liitty\u00e4 t\u00e4ytt\u00e4m\u00e4ll\u00e4 alla olevan lomakkeen. Kun olemme saaneet tietosi, l\u00e4het\u00e4mme sinulle j\u00e4senmaksukuitin. J\u00e4senkirjeess\u00e4 saat tarkempaa tietoa tulevista tapahtumista.<\/p>\n\n\n\n<div class=\"wp-block-columns is-layout-flex wp-container-core-columns-is-layout-28f84493 wp-block-columns-is-layout-flex\">\n<div class=\"wp-block-column is-layout-flow wp-block-column-is-layout-flow\" style=\"flex-basis:66.66%\">\n<div class=\"wp-block-contact-form-7-contact-form-selector\">\n<div class=\"wpcf7 no-js\" id=\"wpcf7-f170-o1\" lang=\"fi\" dir=\"ltr\" data-wpcf7-id=\"170\">\n<div class=\"screen-reader-response\"><p role=\"status\" aria-live=\"polite\" aria-atomic=\"true\"><\/p> <ul><\/ul><\/div>\n<form action=\"\/index.php?rest_route=%2Fwp%2Fv2%2Fpages%2F101#wpcf7-f170-o1\" method=\"post\" class=\"wpcf7-form init\" aria-label=\"Yhteydenottolomake\" novalidate=\"novalidate\" data-status=\"init\">\n<fieldset class=\"hidden-fields-container\"><input type=\"hidden\" name=\"_wpcf7\" value=\"170\" \/><input type=\"hidden\" name=\"_wpcf7_version\" value=\"6.1.5\" \/><input type=\"hidden\" name=\"_wpcf7_locale\" value=\"fi\" \/><input type=\"hidden\" name=\"_wpcf7_unit_tag\" value=\"wpcf7-f170-o1\" \/><input type=\"hidden\" name=\"_wpcf7_container_post\" value=\"0\" \/><input type=\"hidden\" name=\"_wpcf7_posted_data_hash\" value=\"\" \/>\n<\/fieldset>\n<p><label> Nimesi<br \/>\n<span class=\"wpcf7-form-control-wrap\" data-name=\"your-name\"><input size=\"40\" maxlength=\"400\" class=\"wpcf7-form-control wpcf7-text wpcf7-validates-as-required\" aria-required=\"true\" aria-invalid=\"false\" value=\"\" type=\"text\" name=\"your-name\" \/><\/span> <\/label>\n<\/p>\n<p><label> S\u00e4hk\u00f6postiosoitteesi<br \/>\n<span class=\"wpcf7-form-control-wrap\" data-name=\"your-email\"><input size=\"40\" maxlength=\"400\" class=\"wpcf7-form-control wpcf7-email wpcf7-validates-as-required wpcf7-text wpcf7-validates-as-email\" aria-required=\"true\" aria-invalid=\"false\" value=\"\" type=\"email\" name=\"your-email\" \/><\/span> <\/label>\n<\/p>\n<p><label> Puhelinnumerosi<br \/>\n<span class=\"wpcf7-form-control-wrap\" data-name=\"puh\"><input size=\"40\" maxlength=\"400\" class=\"wpcf7-form-control wpcf7-tel wpcf7-text wpcf7-validates-as-tel\" aria-invalid=\"false\" value=\"\" type=\"tel\" name=\"puh\" \/><\/span><\/label>\n<\/p>\n<p><label> Osoitteesi<br \/>\n<span class=\"wpcf7-form-control-wrap\" data-name=\"osoite\"><input size=\"40\" maxlength=\"400\" class=\"wpcf7-form-control wpcf7-text\" aria-invalid=\"false\" value=\"\" type=\"text\" name=\"osoite\" \/><\/span> <\/label>\n<\/p>\n<p><label> Lis\u00e4tietoja tai terveisi\u00e4<br \/>\n<span class=\"wpcf7-form-control-wrap\" data-name=\"your-message\"><textarea cols=\"40\" rows=\"10\" maxlength=\"2000\" class=\"wpcf7-form-control wpcf7-textarea\" aria-invalid=\"false\" name=\"your-message\"><\/textarea><\/span> <\/label>\n<\/p>\n<p><input class=\"wpcf7-form-control wpcf7-submit has-spinner\" type=\"submit\" value=\"L\u00e4het\u00e4\" \/>\n<\/p><div class=\"wpcf7-response-output\" aria-hidden=\"true\"><\/div>\n<\/form>\n<\/div>\n<\/div>\n<\/div>\n\n\n\n<div class=\"wp-block-column is-layout-flow wp-block-column-is-layout-flow\" style=\"flex-basis:33.33%\">\n<h3 class=\"wp-block-heading\"><strong>J\u00e4senasiat:<\/strong><\/h3>\n\n\n\n<p>Jarkko V\u00e4likangas<\/p>\n\n\n\n<p><a href=\"mailto:jarkko.valikangas@gmail.com\" data-type=\"mailto\" data-id=\"mailto:jarkko.valikangas@gmail.com\">jarkko.valikangas@gmail.com<\/a><\/p>\n\n\n\n<p>p. 0400 912 898<\/p>\n\n\n\n<h3 class=\"wp-block-heading\"><strong>J\u00e4senmaksut:<\/strong><\/h3>\n\n\n\n<p>Vuosij\u00e4sen 25 \u20ac<br>Perhej\u00e4sen 10 \u20ac<br>Kannattajaj\u00e4sen 60 \u20ac<\/p>\n\n\n\n<h3 class=\"wp-block-heading\"><strong>Pankkitili:<\/strong><\/h3>\n\n\n\n<p>FI03 5741 3650 9841 12<\/p>\n<\/div>\n<\/div>\n","protected":false},"excerpt":{"rendered":"<p>Oulu-seuran j\u00e4seneksi voit liitty\u00e4 t\u00e4ytt\u00e4m\u00e4ll\u00e4 alla olevan lomakkeen. Kun olemme saaneet tietosi, l\u00e4het\u00e4mme sinulle j\u00e4senmaksukuitin. J\u00e4senkirjeess\u00e4 saat tarkempaa tietoa tulevista tapahtumista. J\u00e4senasiat: Jarkko V\u00e4likangas jarkko.valikangas@gmail.com p. 0400 912 898 J\u00e4senmaksut: Vuosij\u00e4sen 25 \u20acPerhej\u00e4sen 10 \u20acKannattajaj\u00e4sen 60 \u20ac Pankkitili: FI03 5741 3650 9841 12<\/p>\n","protected":false},"author":2,"featured_media":0,"parent":0,"menu_order":0,"comment_status":"closed","ping_status":"closed","template":"","meta":{"footnotes":""},"class_list":["post-101","page","type-page","status-publish","hentry"],"_links":{"self":[{"href":"https:\/\/oulu-seura.fi\/index.php?rest_route=\/wp\/v2\/pages\/101","targetHints":{"allow":["GET"]}}],"collection":[{"href":"https:\/\/oulu-seura.fi\/index.php?rest_route=\/wp\/v2\/pages"}],"about":[{"href":"https:\/\/oulu-seura.fi\/index.php?rest_route=\/wp\/v2\/types\/page"}],"author":[{"embeddable":true,"href":"https:\/\/oulu-seura.fi\/index.php?rest_route=\/wp\/v2\/users\/2"}],"replies":[{"embeddable":true,"href":"https:\/\/oulu-seura.fi\/index.php?rest_route=%2Fwp%2Fv2%2Fcomments&post=101"}],"version-history":[{"count":0,"href":"https:\/\/oulu-seura.fi\/index.php?rest_route=\/wp\/v2\/pages\/101\/revisions"}],"wp:attachment":[{"href":"https:\/\/oulu-seura.fi\/index.php?rest_route=%2Fwp%2Fv2%2Fmedia&parent=101"}],"curies":[{"name":"wp","href":"https:\/\/api.w.org\/{rel}","templated":true}]}}